{"id":119,"date":"2025-06-17T12:21:14","date_gmt":"2025-06-17T15:21:14","guid":{"rendered":"http:\/\/absolucoesinteligentes.com\/?page_id=119"},"modified":"2025-06-17T12:52:23","modified_gmt":"2025-06-17T15:52:23","slug":"%f0%9f%93%9e-fale-conosco","status":"publish","type":"page","link":"https:\/\/absolucoesinteligentes.com\/?page_id=119","title":{"rendered":"\ud83d\udcde Fale Conosco"},"content":{"rendered":"\n<h3 class=\"wp-block-heading\">\ud83d\udce7 <strong>E-mail institucional<\/strong><\/h3>\n\n\n\n<p><strong><a href=\"mailto:contato@absolucoesinteligentes.com\">contato@absolucoesinteligentes.com<\/a><\/strong><br>Para or\u00e7amentos, d\u00favidas, parcerias e informa\u00e7\u00f5es gerais.<\/p>\n\n\n\n<h3 class=\"wp-block-heading\">\ud83d\udcf1 <strong>Telefone \/ WhatsApp<\/strong><\/h3>\n\n\n\n<p><strong><a href=\"http:\/\/wa.me\/5511977300066\">(11) 9 97730-0066<\/a><\/strong><br>Dispon\u00edvel para atendimento em hor\u00e1rio comercial.<br><\/p>\n\n\n\n<h3 class=\"wp-block-heading\">\ud83d\udcf2 <strong>Instagram corporativo<\/strong><\/h3>\n\n\n\n<p><a class=\"\" href=\"https:\/\/instagram.com\/absolucoesinteligentes\"><strong>@absolucoesinteligentes<\/strong><\/a><br>Acompanhe nossos conte\u00fados e entre em contato direto via DM.<\/p>\n\n\n\n<h3 class=\"wp-block-heading\">\ud83d\udccd <strong>Localiza\u00e7\u00e3o<\/strong><\/h3>\n\n\n\n<p>Avenida Rangel Pestana, 1088 &#8211; Br\u00e1s &#8211; S\u00e3o Paulo \u2013 SP<br>(<em>Atendimento sob agendamento para reuni\u00f5es presenciais.<\/em>)<\/p>\n\n\n\n<h3 class=\"wp-block-heading\">\ud83d\udcc6 <strong>Agende uma consultoria<\/strong><\/h3>\n\n\n\n<p>[\ud83d\udd17 Formul\u00e1rio de contato \/ bot\u00e3o com link para agendamento]<br>(Tipo Calendly, WhatsApp Business ou formul\u00e1rio integrado)<\/p>\n\n\n\n<p><\/p>\n","protected":false},"excerpt":{"rendered":"<p>\ud83d\udce7 E-mail institucional contato@absolucoesinteligentes.comPara or\u00e7amentos, d\u00favidas, parcerias e informa\u00e7\u00f5es gerais. \ud83d\udcf1 Telefone \/ WhatsApp (11) 9 97730-0066Dispon\u00edvel para atendimento em hor\u00e1rio comercial. \ud83d\udcf2 Instagram corporativo @absolucoesinteligentesAcompanhe nossos conte\u00fados e entre em contato direto via DM. \ud83d\udccd Localiza\u00e7\u00e3o Avenida Rangel Pestana, 1088 &#8211; Br\u00e1s &#8211; S\u00e3o Paulo \u2013 SP(Atendimento sob agendamento para reuni\u00f5es presenciais.) \ud83d\udcc6 Agende [&hellip;]<\/p>\n","protected":false},"author":1,"featured_media":0,"parent":0,"menu_order":0,"comment_status":"closed","ping_status":"closed","template":"","meta":{"footnotes":""},"class_list":["post-119","page","type-page","status-publish","hentry"],"_links":{"self":[{"href":"https:\/\/absolucoesinteligentes.com\/index.php?rest_route=\/wp\/v2\/pages\/119","targetHints":{"allow":["GET"]}}],"collection":[{"href":"https:\/\/absolucoesinteligentes.com\/index.php?rest_route=\/wp\/v2\/pages"}],"about":[{"href":"https:\/\/absolucoesinteligentes.com\/index.php?rest_route=\/wp\/v2\/types\/page"}],"author":[{"embeddable":true,"href":"https:\/\/absolucoesinteligentes.com\/index.php?rest_route=\/wp\/v2\/users\/1"}],"replies":[{"embeddable":true,"href":"https:\/\/absolucoesinteligentes.com\/index.php?rest_route=%2Fwp%2Fv2%2Fcomments&post=119"}],"version-history":[{"count":8,"href":"https:\/\/absolucoesinteligentes.com\/index.php?rest_route=\/wp\/v2\/pages\/119\/revisions"}],"predecessor-version":[{"id":129,"href":"https:\/\/absolucoesinteligentes.com\/index.php?rest_route=\/wp\/v2\/pages\/119\/revisions\/129"}],"wp:attachment":[{"href":"https:\/\/absolucoesinteligentes.com\/index.php?rest_route=%2Fwp%2Fv2%2Fmedia&parent=119"}],"curies":[{"name":"wp","href":"https:\/\/api.w.org\/{rel}","templated":true}]}}