{"id":239,"date":"2025-08-08T17:27:32","date_gmt":"2025-08-08T20:27:32","guid":{"rendered":"https:\/\/absolucoesinteligentes.com\/?page_id=239"},"modified":"2025-08-08T17:36:59","modified_gmt":"2025-08-08T20:36:59","slug":"apoio-operacional-imediato-servico-de-pronta-resposta","status":"publish","type":"page","link":"https:\/\/absolucoesinteligentes.com\/?page_id=239","title":{"rendered":"Apoio Operacional Imediato"},"content":{"rendered":"\n<p>A <strong>AB Solu\u00e7\u00f5es Inteligentes<\/strong> est\u00e1 preparada para agir rapidamente em situa\u00e7\u00f5es que exigem <strong>resposta imediata e planejamento \u00e1gil<\/strong>. Nosso servi\u00e7o de pronta resposta \u00e9 ideal para demandas de seguran\u00e7a acionadas de \u00faltima hora, oferecendo prote\u00e7\u00e3o estrat\u00e9gica mesmo em cen\u00e1rios com pouco tempo para prepara\u00e7\u00e3o.<\/p>\n\n\n\n<p>Com experi\u00eancia comprovada e metodologia eficaz, realizamos uma an\u00e1lise r\u00e1pida do ambiente, identificamos riscos e aplicamos medidas preventivas e corretivas para garantir a seguran\u00e7a de pessoas, patrim\u00f4nios e eventos. Atuamos com discri\u00e7\u00e3o, efici\u00eancia e total compromisso, proporcionando tranquilidade mesmo nas circunst\u00e2ncias mais inesperadas.<\/p>\n\n\n\n<div class=\"wp-block-buttons is-layout-flex wp-block-buttons-is-layout-flex\">\n<div class=\"wp-block-button\"><a class=\"wp-block-button__link has-text-align-left wp-element-button\" href=\"https:\/\/absolucoesinteligentes.com\/?page_id=119\">Solicite a pronta resposta<\/a><\/div>\n<\/div>\n\n\n\n<p><\/p>\n","protected":false},"excerpt":{"rendered":"<p>A AB Solu\u00e7\u00f5es Inteligentes est\u00e1 preparada para agir rapidamente em situa\u00e7\u00f5es que exigem resposta imediata e planejamento \u00e1gil. Nosso servi\u00e7o de pronta resposta \u00e9 ideal para demandas de seguran\u00e7a acionadas de \u00faltima hora, oferecendo prote\u00e7\u00e3o estrat\u00e9gica mesmo em cen\u00e1rios com pouco tempo para prepara\u00e7\u00e3o. Com experi\u00eancia comprovada e metodologia eficaz, realizamos uma an\u00e1lise r\u00e1pida do [&hellip;]<\/p>\n","protected":false},"author":1,"featured_media":0,"parent":0,"menu_order":0,"comment_status":"closed","ping_status":"closed","template":"","meta":{"footnotes":""},"class_list":["post-239","page","type-page","status-publish","hentry"],"_links":{"self":[{"href":"https:\/\/absolucoesinteligentes.com\/index.php?rest_route=\/wp\/v2\/pages\/239","targetHints":{"allow":["GET"]}}],"collection":[{"href":"https:\/\/absolucoesinteligentes.com\/index.php?rest_route=\/wp\/v2\/pages"}],"about":[{"href":"https:\/\/absolucoesinteligentes.com\/index.php?rest_route=\/wp\/v2\/types\/page"}],"author":[{"embeddable":true,"href":"https:\/\/absolucoesinteligentes.com\/index.php?rest_route=\/wp\/v2\/users\/1"}],"replies":[{"embeddable":true,"href":"https:\/\/absolucoesinteligentes.com\/index.php?rest_route=%2Fwp%2Fv2%2Fcomments&post=239"}],"version-history":[{"count":5,"href":"https:\/\/absolucoesinteligentes.com\/index.php?rest_route=\/wp\/v2\/pages\/239\/revisions"}],"predecessor-version":[{"id":246,"href":"https:\/\/absolucoesinteligentes.com\/index.php?rest_route=\/wp\/v2\/pages\/239\/revisions\/246"}],"wp:attachment":[{"href":"https:\/\/absolucoesinteligentes.com\/index.php?rest_route=%2Fwp%2Fv2%2Fmedia&parent=239"}],"curies":[{"name":"wp","href":"https:\/\/api.w.org\/{rel}","templated":true}]}}